{"id":90,"date":"2013-06-07T11:35:18","date_gmt":"2013-06-07T11:35:18","guid":{"rendered":"http:\/\/demo.woothemes.com\/woocommerce\/?post_type=product&#038;p=90"},"modified":"2023-04-01T03:23:31","modified_gmt":"2023-04-01T03:23:31","slug":"s508-f-u-wheels-for-2018-gmc-sierra-2500","status":"publish","type":"product","link":"https:\/\/www.albenjasa.com\/?product=s508-f-u-wheels-for-2018-gmc-sierra-2500","title":{"rendered":"E25BMHS"},"content":{"rendered":"","protected":false},"excerpt":{"rendered":"<ul>\n<li><span style=\"color: #000000;\">El E25BMHS es un\u00a0<b>motor enduro<\/b>, el cual ha sido dise\u00f1ado para soportar largas horas de uso continuo sin ninguna reducci\u00f3n de rendimiento. Cuenta con una excelente relaci\u00f3n peso-potencia y la calidad de sus componentes lo convierten en una opci\u00f3n confiable.<\/span><\/li>\n<\/ul>\n","protected":false},"featured_media":4277,"comment_status":"open","ping_status":"closed","template":"","meta":{"_joinchat":[]},"product_cat":[85],"product_tag":[],"class_list":{"0":"post-90","1":"product","2":"type-product","3":"status-publish","4":"has-post-thumbnail","6":"product_cat-2-tiempos","8":"first","9":"instock","10":"shipping-taxable","11":"purchasable","12":"product-type-simple","13":"col-xs-6 col-sm-4","14":"col-md-3 col-lg-3","15":"un-4-cols"},"_links":{"self":[{"href":"https:\/\/www.albenjasa.com\/index.php?rest_route=\/wp\/v2\/product\/90","targetHints":{"allow":["GET"]}}],"collection":[{"href":"https:\/\/www.albenjasa.com\/index.php?rest_route=\/wp\/v2\/product"}],"about":[{"href":"https:\/\/www.albenjasa.com\/index.php?rest_route=\/wp\/v2\/types\/product"}],"replies":[{"embeddable":true,"href":"https:\/\/www.albenjasa.com\/index.php?rest_route=%2Fwp%2Fv2%2Fcomments&post=90"}],"wp:featuredmedia":[{"embeddable":true,"href":"https:\/\/www.albenjasa.com\/index.php?rest_route=\/wp\/v2\/media\/4277"}],"wp:attachment":[{"href":"https:\/\/www.albenjasa.com\/index.php?rest_route=%2Fwp%2Fv2%2Fmedia&parent=90"}],"wp:term":[{"taxonomy":"product_cat","embeddable":true,"href":"https:\/\/www.albenjasa.com\/index.php?rest_route=%2Fwp%2Fv2%2Fproduct_cat&post=90"},{"taxonomy":"product_tag","embeddable":true,"href":"https:\/\/www.albenjasa.com\/index.php?rest_route=%2Fwp%2Fv2%2Fproduct_tag&post=90"}],"curies":[{"name":"wp","href":"https:\/\/api.w.org\/{rel}","templated":true}]}}