{"id":4380,"date":"2023-07-04T00:11:26","date_gmt":"2023-07-04T00:11:26","guid":{"rendered":"https:\/\/www.albenjasa.com\/?post_type=product&#038;p=4380"},"modified":"2023-07-05T04:43:03","modified_gmt":"2023-07-05T04:43:03","slug":"almohada-restonic-fresh","status":"publish","type":"product","link":"https:\/\/www.albenjasa.com\/?product=almohada-restonic-fresh","title":{"rendered":"Almohada Restonic Fresh"},"content":{"rendered":"<div class=\"\" data-baseweb=\"block\">\n<div class=\"ag h9 fg he hd k6 k7 hc\" data-baseweb=\"block\"><span class=\"\" data-baseweb=\"block\">Tipo:<span class=\"e0\" data-baseweb=\"block\">\u00a0Almohadas de descanso<\/span><\/span><\/div>\n<\/div>\n<div class=\"\" data-baseweb=\"block\"><span class=\"\" data-baseweb=\"block\">Dimensi\u00f3n:<\/span><span class=\"e0\" data-baseweb=\"block\">Est\u00e1ndar: 62 cm x 42 cm x 14 cm<\/span><\/div>\n<div class=\"k8 k9 ka kb\" data-baseweb=\"block\">\n<div class=\"ak kc\" data-baseweb=\"flex-grid\">\n<div class=\"kd f3 ak e6 bq e2 ke kf kg kh ki kj kk kl km kn ko kp\" data-baseweb=\"flex-grid-item\">\n<div id=\"bui-1__anchor\" class=\"a8d kq e0 kr i5 bo\" data-baseweb=\"block\" aria-haspopup=\"true\" aria-expanded=\"false\">Est\u00e1ndar: 62 cm x 42 cm x<\/div>\n<\/div>\n<div class=\"kd f3 ak e6 bq e2 ke kf ks kh ki kt kk ku km kn kv kp\" data-baseweb=\"flex-grid-item\">\n<div id=\"bui-2__anchor\" class=\"jk kq bo kr\" data-baseweb=\"block\" aria-haspopup=\"true\" aria-expanded=\"false\">King: 76 cm x 36 cm x 14<\/div>\n<\/div>\n<\/div>\n<\/div>\n","protected":false},"excerpt":{"rendered":"<p>Tipo:\u00a0Almohadas de descanso Dimensi\u00f3n:Est\u00e1ndar: 62 cm x 42 cm x 14 cm Est\u00e1ndar: 62 cm x 42 cm x King: 76 cm x 36 cm x 14<\/p>\n","protected":false},"featured_media":4381,"comment_status":"open","ping_status":"closed","template":"","meta":{"_joinchat":[]},"product_cat":[93],"product_tag":[],"class_list":{"0":"post-4380","1":"product","2":"type-product","3":"status-publish","4":"has-post-thumbnail","6":"product_cat-productos-y-motores","8":"first","9":"instock","10":"shipping-taxable","11":"product-type-simple","12":"col-xs-6 col-sm-4","13":"col-md-3 col-lg-3","14":"un-4-cols"},"_links":{"self":[{"href":"https:\/\/www.albenjasa.com\/index.php?rest_route=\/wp\/v2\/product\/4380","targetHints":{"allow":["GET"]}}],"collection":[{"href":"https:\/\/www.albenjasa.com\/index.php?rest_route=\/wp\/v2\/product"}],"about":[{"href":"https:\/\/www.albenjasa.com\/index.php?rest_route=\/wp\/v2\/types\/product"}],"replies":[{"embeddable":true,"href":"https:\/\/www.albenjasa.com\/index.php?rest_route=%2Fwp%2Fv2%2Fcomments&post=4380"}],"wp:featuredmedia":[{"embeddable":true,"href":"https:\/\/www.albenjasa.com\/index.php?rest_route=\/wp\/v2\/media\/4381"}],"wp:attachment":[{"href":"https:\/\/www.albenjasa.com\/index.php?rest_route=%2Fwp%2Fv2%2Fmedia&parent=4380"}],"wp:term":[{"taxonomy":"product_cat","embeddable":true,"href":"https:\/\/www.albenjasa.com\/index.php?rest_route=%2Fwp%2Fv2%2Fproduct_cat&post=4380"},{"taxonomy":"product_tag","embeddable":true,"href":"https:\/\/www.albenjasa.com\/index.php?rest_route=%2Fwp%2Fv2%2Fproduct_tag&post=4380"}],"curies":[{"name":"wp","href":"https:\/\/api.w.org\/{rel}","templated":true}]}}