{"id":2848,"date":"2019-03-28T15:03:19","date_gmt":"2019-03-28T15:03:19","guid":{"rendered":"http:\/\/demo2.drfuri.com\/martfury17\/?post_type=product&#038;p=2848"},"modified":"2023-04-01T03:20:35","modified_gmt":"2023-04-01T03:20:35","slug":"afe-dfs780-diesel-fuel-system-2","status":"publish","type":"product","link":"https:\/\/www.albenjasa.com\/?product=afe-dfs780-diesel-fuel-system-2","title":{"rendered":"4CMHS"},"content":{"rendered":"","protected":false},"excerpt":{"rendered":"<ul>\n<li>[vc_row][vc_column][vc_custom_heading text=\u00bb4CMHS\u00bb font_container=\u00bbtag:h2|font_size:16|text_align:left\u00bb use_theme_fonts=\u00bbyes\u00bb el_class=\u00bbsemibold\u00bb][vc_column_text]<span style=\"color: #000000;\">Motor port\u00e1til, ligero y con un dise\u00f1o robusto, pero de f\u00e1cil transportaci\u00f3n. Un motor de gran rendimiento, dise\u00f1ado para trasladarlo a cualquier parte. Cuenta con el tanque de combustible incorporado lo cual facilita su instalaci\u00f3n. Es un modelo con caracter\u00edsticas pr\u00e1cticas y para el manejo en aguas pocos profundas.<\/span>[\/vc_column_text][\/vc_column][\/vc_row]<\/li>\n<\/ul>\n","protected":false},"featured_media":4256,"comment_status":"open","ping_status":"closed","template":"","meta":{"_joinchat":[]},"product_cat":[85,76],"product_tag":[],"class_list":{"0":"post-2848","1":"product","2":"type-product","3":"status-publish","4":"has-post-thumbnail","6":"product_cat-2-tiempos","7":"product_cat-wheels-tires","9":"first","10":"instock","11":"shipping-taxable","12":"purchasable","13":"product-type-simple","14":"col-xs-6 col-sm-4","15":"col-md-3 col-lg-3","16":"un-4-cols"},"_links":{"self":[{"href":"https:\/\/www.albenjasa.com\/index.php?rest_route=\/wp\/v2\/product\/2848","targetHints":{"allow":["GET"]}}],"collection":[{"href":"https:\/\/www.albenjasa.com\/index.php?rest_route=\/wp\/v2\/product"}],"about":[{"href":"https:\/\/www.albenjasa.com\/index.php?rest_route=\/wp\/v2\/types\/product"}],"replies":[{"embeddable":true,"href":"https:\/\/www.albenjasa.com\/index.php?rest_route=%2Fwp%2Fv2%2Fcomments&post=2848"}],"wp:featuredmedia":[{"embeddable":true,"href":"https:\/\/www.albenjasa.com\/index.php?rest_route=\/wp\/v2\/media\/4256"}],"wp:attachment":[{"href":"https:\/\/www.albenjasa.com\/index.php?rest_route=%2Fwp%2Fv2%2Fmedia&parent=2848"}],"wp:term":[{"taxonomy":"product_cat","embeddable":true,"href":"https:\/\/www.albenjasa.com\/index.php?rest_route=%2Fwp%2Fv2%2Fproduct_cat&post=2848"},{"taxonomy":"product_tag","embeddable":true,"href":"https:\/\/www.albenjasa.com\/index.php?rest_route=%2Fwp%2Fv2%2Fproduct_tag&post=2848"}],"curies":[{"name":"wp","href":"https:\/\/api.w.org\/{rel}","templated":true}]}}