{"id":2841,"date":"2019-03-02T12:35:16","date_gmt":"2019-03-02T12:35:16","guid":{"rendered":"http:\/\/demo2.drfuri.com\/martfury17\/shop\/recaro-original-fd2r\/"},"modified":"2023-07-03T18:48:28","modified_gmt":"2023-07-03T18:48:28","slug":"recaro-original-fd2r","status":"publish","type":"product","link":"https:\/\/www.albenjasa.com\/?product=recaro-original-fd2r","title":{"rendered":"E25BMHS"},"content":{"rendered":"","protected":false},"excerpt":{"rendered":"<p><span style=\"color: #000000;\">El E25BMHS es un motor enduro, el cual ha sido dise\u00f1ado para soportar largas horas de uso continuo sin ninguna reducci\u00f3n de rendimiento. Cuenta con una excelente relaci\u00f3n peso-potencia y la calidad de sus componentes lo convierten en una opci\u00f3n confiable.<\/span><\/p>\n<p><span style=\"color: #000000;\">Ideal para aquellos usuarios que buscan un motor con buen rendimiento, resistente y que pueda ser aplicado a peque\u00f1as embarcaciones.<\/span><\/p>\n","protected":false},"featured_media":4346,"comment_status":"open","ping_status":"closed","template":"","meta":{"_joinchat":[]},"product_cat":[85],"product_tag":[],"class_list":{"0":"post-2841","1":"product","2":"type-product","3":"status-publish","4":"has-post-thumbnail","6":"product_cat-2-tiempos","8":"first","9":"instock","10":"shipping-taxable","11":"purchasable","12":"product-type-simple","13":"col-xs-6 col-sm-4","14":"col-md-3 col-lg-3","15":"un-4-cols"},"_links":{"self":[{"href":"https:\/\/www.albenjasa.com\/index.php?rest_route=\/wp\/v2\/product\/2841","targetHints":{"allow":["GET"]}}],"collection":[{"href":"https:\/\/www.albenjasa.com\/index.php?rest_route=\/wp\/v2\/product"}],"about":[{"href":"https:\/\/www.albenjasa.com\/index.php?rest_route=\/wp\/v2\/types\/product"}],"replies":[{"embeddable":true,"href":"https:\/\/www.albenjasa.com\/index.php?rest_route=%2Fwp%2Fv2%2Fcomments&post=2841"}],"wp:featuredmedia":[{"embeddable":true,"href":"https:\/\/www.albenjasa.com\/index.php?rest_route=\/wp\/v2\/media\/4346"}],"wp:attachment":[{"href":"https:\/\/www.albenjasa.com\/index.php?rest_route=%2Fwp%2Fv2%2Fmedia&parent=2841"}],"wp:term":[{"taxonomy":"product_cat","embeddable":true,"href":"https:\/\/www.albenjasa.com\/index.php?rest_route=%2Fwp%2Fv2%2Fproduct_cat&post=2841"},{"taxonomy":"product_tag","embeddable":true,"href":"https:\/\/www.albenjasa.com\/index.php?rest_route=%2Fwp%2Fv2%2Fproduct_tag&post=2841"}],"curies":[{"name":"wp","href":"https:\/\/api.w.org\/{rel}","templated":true}]}}