{"id":126,"date":"2017-11-28T09:42:45","date_gmt":"2017-11-28T09:42:45","guid":{"rendered":"http:\/\/demo2.drfuri.com\/martfury17\/?post_type=product&#038;p=126"},"modified":"2023-07-05T04:39:05","modified_gmt":"2023-07-05T04:39:05","slug":"anderson-composites-custom-hood","status":"publish","type":"product","link":"https:\/\/www.albenjasa.com\/?product=anderson-composites-custom-hood","title":{"rendered":"E8DMHS"},"content":{"rendered":"","protected":false},"excerpt":{"rendered":"<ul>\n<li><strong><span style=\"color: #000000;\">Motor enduro para trabajo pesado, port\u00e1til de f\u00e1cil operaci\u00f3n y mantenimiento. Interruptor de apagado de emergencia, salida de agua de enfriamiento por orificio piloto, control de enfriamiento por termostato, cig\u00fce\u00f1al para trabajo pesado, 5 capas de pintura anticorrosiva, \u00e1nodos para evitar la corrosi\u00f3n. Dos posiciones de altura de la cola, lo que impide que el motor se bloquee a un segundo plano al navegar en aguas poco profundas<\/span><\/strong><\/li>\n<\/ul>\n","protected":false},"featured_media":4429,"comment_status":"open","ping_status":"closed","template":"","meta":{"_joinchat":[]},"product_cat":[93],"product_tag":[68,75],"class_list":{"0":"post-126","1":"product","2":"type-product","3":"status-publish","4":"has-post-thumbnail","6":"product_cat-productos-y-motores","7":"product_tag-performance","8":"product_tag-tires","10":"first","11":"instock","12":"shipping-taxable","13":"purchasable","14":"product-type-simple","15":"col-xs-6 col-sm-4","16":"col-md-3 col-lg-3","17":"un-4-cols"},"_links":{"self":[{"href":"https:\/\/www.albenjasa.com\/index.php?rest_route=\/wp\/v2\/product\/126","targetHints":{"allow":["GET"]}}],"collection":[{"href":"https:\/\/www.albenjasa.com\/index.php?rest_route=\/wp\/v2\/product"}],"about":[{"href":"https:\/\/www.albenjasa.com\/index.php?rest_route=\/wp\/v2\/types\/product"}],"replies":[{"embeddable":true,"href":"https:\/\/www.albenjasa.com\/index.php?rest_route=%2Fwp%2Fv2%2Fcomments&post=126"}],"wp:featuredmedia":[{"embeddable":true,"href":"https:\/\/www.albenjasa.com\/index.php?rest_route=\/wp\/v2\/media\/4429"}],"wp:attachment":[{"href":"https:\/\/www.albenjasa.com\/index.php?rest_route=%2Fwp%2Fv2%2Fmedia&parent=126"}],"wp:term":[{"taxonomy":"product_cat","embeddable":true,"href":"https:\/\/www.albenjasa.com\/index.php?rest_route=%2Fwp%2Fv2%2Fproduct_cat&post=126"},{"taxonomy":"product_tag","embeddable":true,"href":"https:\/\/www.albenjasa.com\/index.php?rest_route=%2Fwp%2Fv2%2Fproduct_tag&post=126"}],"curies":[{"name":"wp","href":"https:\/\/api.w.org\/{rel}","templated":true}]}}