{"id":129,"date":"2017-11-28T08:26:45","date_gmt":"2017-11-28T08:26:45","guid":{"rendered":"http:\/\/demo2.drfuri.com\/martfury17\/?page_id=129"},"modified":"2023-04-01T05:04:06","modified_gmt":"2023-04-01T05:04:06","slug":"about-us","status":"publish","type":"page","link":"https:\/\/www.albenjasa.com\/?page_id=129","title":{"rendered":"Quienes Somos"},"content":{"rendered":"\t\t<div data-elementor-type=\"wp-post\" data-elementor-id=\"129\" class=\"elementor elementor-129\">\n\t\t\t\t\t\t<section class=\"elementor-section elementor-top-section elementor-element elementor-element-4e63fbf0 elementor-section-full_width elementor-section-stretched elementor-section-height-default elementor-section-height-default\" data-id=\"4e63fbf0\" data-element_type=\"section\" data-settings=\"{&quot;stretch_section&quot;:&quot;section-stretched&quot;}\">\n\t\t\t\t\t\t<div class=\"elementor-container elementor-column-gap-no\">\n\t\t\t\t\t<div class=\"elementor-column elementor-col-100 elementor-top-column elementor-element elementor-element-612f0633\" data-id=\"612f0633\" data-element_type=\"column\">\n\t\t\t<div class=\"elementor-widget-wrap elementor-element-populated\">\n\t\t\t\t\t\t<div class=\"elementor-element elementor-element-43f5ae7b elementor-widget elementor-widget-image\" data-id=\"43f5ae7b\" data-element_type=\"widget\" data-widget_type=\"image.default\">\n\t\t\t\t<div class=\"elementor-widget-container\">\n\t\t\t<style>\/*! elementor - v3.21.0 - 26-05-2024 *\/\n.elementor-widget-image{text-align:center}.elementor-widget-image a{display:inline-block}.elementor-widget-image a img[src$=\".svg\"]{width:48px}.elementor-widget-image img{vertical-align:middle;display:inline-block}<\/style>\t\t\t\t\t\t\t\t\t\t<img fetchpriority=\"high\" decoding=\"async\" width=\"1920\" height=\"640\" src=\"https:\/\/www.albenjasa.com\/wp-content\/uploads\/2019\/05\/a1.jpg\" class=\"attachment-full size-full wp-image-2959\" alt=\"\" srcset=\"https:\/\/www.albenjasa.com\/wp-content\/uploads\/2019\/05\/a1.jpg 1920w, https:\/\/www.albenjasa.com\/wp-content\/uploads\/2019\/05\/a1-600x200.jpg 600w, https:\/\/www.albenjasa.com\/wp-content\/uploads\/2019\/05\/a1-300x100.jpg 300w, https:\/\/www.albenjasa.com\/wp-content\/uploads\/2019\/05\/a1-1024x341.jpg 1024w, https:\/\/www.albenjasa.com\/wp-content\/uploads\/2019\/05\/a1-768x256.jpg 768w, https:\/\/www.albenjasa.com\/wp-content\/uploads\/2019\/05\/a1-1536x512.jpg 1536w, https:\/\/www.albenjasa.com\/wp-content\/uploads\/2019\/05\/a1-370x123.jpg 370w\" sizes=\"(max-width: 1920px) 100vw, 1920px\" \/>\t\t\t\t\t\t\t\t\t\t\t\t\t<\/div>\n\t\t\t\t<\/div>\n\t\t\t\t<div class=\"elementor-element elementor-element-5fa502c6 elementor-widget elementor-widget-spacer\" data-id=\"5fa502c6\" data-element_type=\"widget\" data-widget_type=\"spacer.default\">\n\t\t\t\t<div class=\"elementor-widget-container\">\n\t\t\t<style>\/*! elementor - v3.21.0 - 26-05-2024 *\/\n.elementor-column .elementor-spacer-inner{height:var(--spacer-size)}.e-con{--container-widget-width:100%}.e-con-inner>.elementor-widget-spacer,.e-con>.elementor-widget-spacer{width:var(--container-widget-width,var(--spacer-size));--align-self:var(--container-widget-align-self,initial);--flex-shrink:0}.e-con-inner>.elementor-widget-spacer>.elementor-widget-container,.e-con>.elementor-widget-spacer>.elementor-widget-container{height:100%;width:100%}.e-con-inner>.elementor-widget-spacer>.elementor-widget-container>.elementor-spacer,.e-con>.elementor-widget-spacer>.elementor-widget-container>.elementor-spacer{height:100%}.e-con-inner>.elementor-widget-spacer>.elementor-widget-container>.elementor-spacer>.elementor-spacer-inner,.e-con>.elementor-widget-spacer>.elementor-widget-container>.elementor-spacer>.elementor-spacer-inner{height:var(--container-widget-height,var(--spacer-size))}.e-con-inner>.elementor-widget-spacer.elementor-widget-empty,.e-con>.elementor-widget-spacer.elementor-widget-empty{position:relative;min-height:22px;min-width:22px}.e-con-inner>.elementor-widget-spacer.elementor-widget-empty .elementor-widget-empty-icon,.e-con>.elementor-widget-spacer.elementor-widget-empty .elementor-widget-empty-icon{position:absolute;top:0;bottom:0;left:0;right:0;margin:auto;padding:0;width:22px;height:22px}<\/style>\t\t<div class=\"elementor-spacer\">\n\t\t\t<div class=\"elementor-spacer-inner\"><\/div>\n\t\t<\/div>\n\t\t\t\t<\/div>\n\t\t\t\t<\/div>\n\t\t\t\t\t<\/div>\n\t\t<\/div>\n\t\t\t\t\t<\/div>\n\t\t<\/section>\n\t\t\t\t<section class=\"elementor-section elementor-top-section elementor-element elementor-element-879705c elementor-section-boxed elementor-section-height-default elementor-section-height-default\" data-id=\"879705c\" data-element_type=\"section\">\n\t\t\t\t\t\t<div class=\"elementor-container elementor-column-gap-default\">\n\t\t\t\t\t<div class=\"elementor-column elementor-col-50 elementor-top-column elementor-element elementor-element-3bb3dcf\" data-id=\"3bb3dcf\" data-element_type=\"column\">\n\t\t\t<div class=\"elementor-widget-wrap elementor-element-populated\">\n\t\t\t\t\t\t<div class=\"elementor-element elementor-element-1a05875 elementor-invisible elementor-widget elementor-widget-heading\" data-id=\"1a05875\" data-element_type=\"widget\" data-settings=\"{&quot;_animation&quot;:&quot;zoomInLeft&quot;}\" data-widget_type=\"heading.default\">\n\t\t\t\t<div class=\"elementor-widget-container\">\n\t\t\t<style>\/*! elementor - v3.21.0 - 26-05-2024 *\/\n.elementor-heading-title{padding:0;margin:0;line-height:1}.elementor-widget-heading .elementor-heading-title[class*=elementor-size-]>a{color:inherit;font-size:inherit;line-height:inherit}.elementor-widget-heading .elementor-heading-title.elementor-size-small{font-size:15px}.elementor-widget-heading .elementor-heading-title.elementor-size-medium{font-size:19px}.elementor-widget-heading .elementor-heading-title.elementor-size-large{font-size:29px}.elementor-widget-heading .elementor-heading-title.elementor-size-xl{font-size:39px}.elementor-widget-heading .elementor-heading-title.elementor-size-xxl{font-size:59px}<\/style><h2 class=\"elementor-heading-title elementor-size-default\">Sobre Nosotros<\/h2>\t\t<\/div>\n\t\t\t\t<\/div>\n\t\t\t\t<div class=\"elementor-element elementor-element-32c1f1a elementor-widget elementor-widget-text-editor\" data-id=\"32c1f1a\" data-element_type=\"widget\" data-widget_type=\"text-editor.default\">\n\t\t\t\t<div class=\"elementor-widget-container\">\n\t\t\t<style>\/*! elementor - v3.21.0 - 26-05-2024 *\/\n.elementor-widget-text-editor.elementor-drop-cap-view-stacked .elementor-drop-cap{background-color:#69727d;color:#fff}.elementor-widget-text-editor.elementor-drop-cap-view-framed .elementor-drop-cap{color:#69727d;border:3px solid;background-color:transparent}.elementor-widget-text-editor:not(.elementor-drop-cap-view-default) .elementor-drop-cap{margin-top:8px}.elementor-widget-text-editor:not(.elementor-drop-cap-view-default) .elementor-drop-cap-letter{width:1em;height:1em}.elementor-widget-text-editor .elementor-drop-cap{float:left;text-align:center;line-height:1;font-size:50px}.elementor-widget-text-editor .elementor-drop-cap-letter{display:inline-block}<\/style>\t\t\t\t<p>Bienvenidos a nuestra empresa ecuatoriana, l\u00edder en la comercializaci\u00f3n de motores fuera de borda para diversas compa\u00f1\u00edas e industrias. Nos enorgullece ofrecer una amplia variedad de motores de alta calidad y rendimiento, adaptados a las necesidades espec\u00edficas de nuestros clientes.<\/p><p>Nuestro equipo de expertos altamente capacitados se esfuerza por brindar un servicio excepcional y una atenci\u00f3n personalizada a cada uno de nuestros clientes. Desde el asesoramiento en la selecci\u00f3n del motor adecuado hasta la entrega y el mantenimiento, nos aseguramos de que nuestros clientes est\u00e9n completamente satisfechos con nuestros productos y servicios.<\/p><p>Nos enorgullece ser un socio confiable y de confianza para muchas industrias y compa\u00f1\u00edas en todo Ecuador. Nuestra pasi\u00f3n por la excelencia y nuestro compromiso con la satisfacci\u00f3n del cliente son los pilares de nuestro \u00e9xito.<\/p><p>Si est\u00e1 buscando motores fuera de borda de alta calidad y un servicio excepcional, no busque m\u00e1s all\u00e1 de nuestra empresa ecuatoriana. Estamos aqu\u00ed para satisfacer todas sus necesidades de motores fuera de borda. \u00a1Cont\u00e1ctanos hoy mismo y descubre lo que podemos hacer por ti!<\/p>\t\t\t\t\t\t<\/div>\n\t\t\t\t<\/div>\n\t\t\t\t\t<\/div>\n\t\t<\/div>\n\t\t\t\t<div class=\"elementor-column elementor-col-50 elementor-top-column elementor-element elementor-element-37e77f7\" data-id=\"37e77f7\" data-element_type=\"column\">\n\t\t\t<div class=\"elementor-widget-wrap elementor-element-populated\">\n\t\t\t\t\t\t<div class=\"elementor-element elementor-element-6e11c38 elementor-widget elementor-widget-image\" data-id=\"6e11c38\" data-element_type=\"widget\" data-widget_type=\"image.default\">\n\t\t\t\t<div class=\"elementor-widget-container\">\n\t\t\t\t\t\t\t\t\t\t\t\t\t<img decoding=\"async\" width=\"709\" height=\"510\" src=\"https:\/\/www.albenjasa.com\/wp-content\/uploads\/2023\/04\/Banner-2T-Nichimar.jpg\" class=\"attachment-large size-large wp-image-4310\" alt=\"\" srcset=\"https:\/\/www.albenjasa.com\/wp-content\/uploads\/2023\/04\/Banner-2T-Nichimar.jpg 709w, https:\/\/www.albenjasa.com\/wp-content\/uploads\/2023\/04\/Banner-2T-Nichimar-300x216.jpg 300w, https:\/\/www.albenjasa.com\/wp-content\/uploads\/2023\/04\/Banner-2T-Nichimar-370x266.jpg 370w, https:\/\/www.albenjasa.com\/wp-content\/uploads\/2023\/04\/Banner-2T-Nichimar-600x432.jpg 600w\" sizes=\"(max-width: 709px) 100vw, 709px\" \/>\t\t\t\t\t\t\t\t\t\t\t\t\t<\/div>\n\t\t\t\t<\/div>\n\t\t\t\t<div class=\"elementor-element elementor-element-40f67c0 elementor-widget elementor-widget-image\" data-id=\"40f67c0\" data-element_type=\"widget\" data-widget_type=\"image.default\">\n\t\t\t\t<div class=\"elementor-widget-container\">\n\t\t\t\t\t\t\t\t\t\t\t\t\t<img decoding=\"async\" width=\"224\" height=\"224\" src=\"https:\/\/www.albenjasa.com\/wp-content\/uploads\/2023\/04\/images-4.jpg\" class=\"attachment-large size-large wp-image-4311\" alt=\"\" srcset=\"https:\/\/www.albenjasa.com\/wp-content\/uploads\/2023\/04\/images-4.jpg 224w, https:\/\/www.albenjasa.com\/wp-content\/uploads\/2023\/04\/images-4-150x150.jpg 150w, https:\/\/www.albenjasa.com\/wp-content\/uploads\/2023\/04\/images-4-100x100.jpg 100w\" sizes=\"(max-width: 224px) 100vw, 224px\" \/>\t\t\t\t\t\t\t\t\t\t\t\t\t<\/div>\n\t\t\t\t<\/div>\n\t\t\t\t\t<\/div>\n\t\t<\/div>\n\t\t\t\t\t<\/div>\n\t\t<\/section>\n\t\t\t\t<\/div>\n\t\t","protected":false},"excerpt":{"rendered":"<p>Sobre Nosotros Bienvenidos a nuestra empresa ecuatoriana, l\u00edder en la comercializaci\u00f3n de motores fuera de borda para diversas compa\u00f1\u00edas e industrias. Nos enorgullece ofrecer una amplia variedad de motores de alta calidad y rendimiento, adaptados a las necesidades espec\u00edficas de nuestros clientes. Nuestro equipo de expertos altamente capacitados se esfuerza por brindar un servicio excepcional&hellip;<\/p>\n","protected":false},"author":1,"featured_media":0,"parent":0,"menu_order":0,"comment_status":"closed","ping_status":"closed","template":"template-full-width.php","meta":{"_joinchat":[],"footnotes":""},"class_list":["post-129","page","type-page","status-publish","hentry"],"_links":{"self":[{"href":"https:\/\/www.albenjasa.com\/index.php?rest_route=\/wp\/v2\/pages\/129","targetHints":{"allow":["GET"]}}],"collection":[{"href":"https:\/\/www.albenjasa.com\/index.php?rest_route=\/wp\/v2\/pages"}],"about":[{"href":"https:\/\/www.albenjasa.com\/index.php?rest_route=\/wp\/v2\/types\/page"}],"author":[{"embeddable":true,"href":"https:\/\/www.albenjasa.com\/index.php?rest_route=\/wp\/v2\/users\/1"}],"replies":[{"embeddable":true,"href":"https:\/\/www.albenjasa.com\/index.php?rest_route=%2Fwp%2Fv2%2Fcomments&post=129"}],"version-history":[{"count":9,"href":"https:\/\/www.albenjasa.com\/index.php?rest_route=\/wp\/v2\/pages\/129\/revisions"}],"predecessor-version":[{"id":4320,"href":"https:\/\/www.albenjasa.com\/index.php?rest_route=\/wp\/v2\/pages\/129\/revisions\/4320"}],"wp:attachment":[{"href":"https:\/\/www.albenjasa.com\/index.php?rest_route=%2Fwp%2Fv2%2Fmedia&parent=129"}],"curies":[{"name":"wp","href":"https:\/\/api.w.org\/{rel}","templated":true}]}}